{"id":2185,"date":"2021-07-04T17:09:22","date_gmt":"2021-07-04T15:09:22","guid":{"rendered":"https:\/\/selectionetconseils.ch\/seitenverzeichnis\/"},"modified":"2021-07-04T17:09:24","modified_gmt":"2021-07-04T15:09:24","slug":"seitenverzeichnis","status":"publish","type":"page","link":"https:\/\/selectionetconseils.swiss\/de\/seitenverzeichnis\/","title":{"rendered":"Seitenverzeichnis"},"content":{"rendered":"\t\t<div data-elementor-type=\"wp-page\" data-elementor-id=\"2185\" class=\"elementor elementor-2185 elementor-2172\" data-elementor-post-type=\"page\">\n\t\t\t\t\t\t<section class=\"elementor-section elementor-top-section elementor-element elementor-element-1fe3c03 elementor-section-boxed elementor-section-height-default elementor-section-height-default\" data-id=\"1fe3c03\" data-element_type=\"section\" data-e-type=\"section\">\n\t\t\t\t\t\t<div class=\"elementor-container elementor-column-gap-default\">\n\t\t\t\t\t<div class=\"elementor-column elementor-col-100 elementor-top-column elementor-element elementor-element-8db213c\" data-id=\"8db213c\" data-element_type=\"column\" data-e-type=\"column\">\n\t\t\t<div class=\"elementor-widget-wrap elementor-element-populated\">\n\t\t\t\t\t\t<div class=\"elementor-element elementor-element-4ca1cbb elementor-widget elementor-widget-heading\" data-id=\"4ca1cbb\" data-element_type=\"widget\" data-e-type=\"widget\" data-widget_type=\"heading.default\">\n\t\t\t\t<div class=\"elementor-widget-container\">\n\t\t\t\t\t<h2 class=\"elementor-heading-title elementor-size-default\">Seitenverzeichnis<\/h2>\t\t\t\t<\/div>\n\t\t\t\t<\/div>\n\t\t\t\t\t<\/div>\n\t\t<\/div>\n\t\t\t\t\t<\/div>\n\t\t<\/section>\n\t\t\t\t<section class=\"elementor-section elementor-top-section elementor-element elementor-element-c7c7017 elementor-section-boxed elementor-section-height-default elementor-section-height-default\" data-id=\"c7c7017\" data-element_type=\"section\" data-e-type=\"section\">\n\t\t\t\t\t\t<div class=\"elementor-container elementor-column-gap-default\">\n\t\t\t\t\t<div class=\"elementor-column elementor-col-100 elementor-top-column elementor-element elementor-element-db82e10\" data-id=\"db82e10\" data-element_type=\"column\" data-e-type=\"column\">\n\t\t\t<div class=\"elementor-widget-wrap elementor-element-populated\">\n\t\t\t\t\t\t<section class=\"elementor-section elementor-inner-section elementor-element elementor-element-61558ef elementor-section-boxed elementor-section-height-default elementor-section-height-default\" data-id=\"61558ef\" data-element_type=\"section\" data-e-type=\"section\">\n\t\t\t\t\t\t<div class=\"elementor-container elementor-column-gap-default\">\n\t\t\t\t\t<div class=\"elementor-column elementor-col-100 elementor-inner-column elementor-element elementor-element-3013351\" data-id=\"3013351\" data-element_type=\"column\" data-e-type=\"column\">\n\t\t\t<div class=\"elementor-widget-wrap elementor-element-populated\">\n\t\t\t\t\t\t<div class=\"elementor-element elementor-element-26e8377 elementor-widget elementor-widget-text-editor\" data-id=\"26e8377\" data-element_type=\"widget\" data-e-type=\"widget\" data-widget_type=\"text-editor.default\">\n\t\t\t\t<div class=\"elementor-widget-container\">\n\t\t\t\t\t\t\t\t\t<ul style=\"margin-top: 0.8em; margin-right: 1em; margin-bottom: 1em; color: #3c434a; font-family: -apple-system, BlinkMacSystemFont, 'Segoe UI', Roboto, Oxygen-Sans, Ubuntu, Cantarell, 'Helvetica Neue', sans-serif; font-size: 13px; text-align: start; background-color: #ffffff;\">\n<li style=\"margin-bottom: 6px; font-size: 14px; line-height: 1.14286; padding-bottom: 8px;\"><div class=\"wsp-container\"><h2 class=\"wsp-pages-title\">Seiten<\/h2>\n<ul class=\"wsp-pages-list\">\n<li class=\"page_item page-item-1076\"><a href=\"https:\/\/selectionetconseils.swiss\/de\/professionelle-analyse-und-positionierung\/\">Analyse und Berufsorientierung<\/a><\/li>\n<li class=\"page_item page-item-1109\"><a href=\"https:\/\/selectionetconseils.swiss\/de\/blog\/\">Artikel<\/a><\/li>\n<li class=\"page_item page-item-1084\"><a href=\"https:\/\/selectionetconseils.swiss\/de\/zulassungsverfahren\/\">Auswahlverfahren<\/a><\/li>\n<li class=\"page_item page-item-1484\"><a href=\"https:\/\/selectionetconseils.swiss\/de\/coaching_de\/\">Coaching<\/a><\/li>\n<li class=\"page_item page-item-2212\"><a href=\"https:\/\/selectionetconseils.swiss\/de\/datenschutz-bestimmungen-nur-auf-franzoesisch\/\">Datenschutz-Bestimmungen (nur auf Franz\u00f6sisch)<\/a><\/li>\n<li class=\"page_item page-item-2189\"><a href=\"https:\/\/selectionetconseils.swiss\/de\/impressum\/\">Impressum<\/a><\/li>\n<li class=\"page_item page-item-2097 page_item_has_children\"><a href=\"https:\/\/selectionetconseils.swiss\/de\/kairos-technik\/\">Ka\u00efros Technik<\/a>\n<ul class='children'>\n\t<li class=\"page_item page-item-1677\"><a href=\"https:\/\/selectionetconseils.swiss\/de\/kairos-technik\/next-generation-professional\/\">Next Generation Professional<\/a><\/li>\n\t<li class=\"page_item page-item-2099\"><a href=\"https:\/\/selectionetconseils.swiss\/de\/kairos-technik\/kairos-fuer-die-rekrutierung\/\">KA\u00efROS f\u00fcr die Rekrutierung<\/a><\/li>\n\t<li class=\"page_item page-item-2101\"><a href=\"https:\/\/selectionetconseils.swiss\/de\/kairos-technik\/kairos-fuer-interne-mobilitaet\/\">Ka\u00efros f\u00fcr interne Mobilit\u00e4t<\/a><\/li>\n\t<li class=\"page_item page-item-2103\"><a href=\"https:\/\/selectionetconseils.swiss\/de\/kairos-technik\/kairos-zur-orientierung\/\">Ka\u00efros zur Orientierung<\/a><\/li>\n<\/ul>\n<\/li>\n<li class=\"page_item page-item-2397\"><a href=\"https:\/\/selectionetconseils.swiss\/de\/kontakt\/\">Kontakt<\/a><\/li>\n<li class=\"page_item page-item-1092\"><a href=\"https:\/\/selectionetconseils.swiss\/de\/mentale-und-emotionale-verstaerkung\/\">Mentale und emotionale St\u00e4rkung<\/a><\/li>\n<li class=\"page_item page-item-1080\"><a href=\"https:\/\/selectionetconseils.swiss\/de\/mobilitaet-und-fortschritt\/\">Mobilit\u00e4t und Weiterentwicklung<\/a><\/li>\n<li class=\"page_item page-item-1442\"><a href=\"https:\/\/selectionetconseils.swiss\/de\/ausrichtung\/\">Orientierung<\/a><\/li>\n<li class=\"page_item page-item-1088\"><a href=\"https:\/\/selectionetconseils.swiss\/de\/bewertung-des-einstellungsindikators\/\">Profilbewertung der Kandidaten<\/a><\/li>\n<li class=\"page_item page-item-2185\"><a href=\"https:\/\/selectionetconseils.swiss\/de\/seitenverzeichnis\/\">Seitenverzeichnis<\/a><\/li>\n<li class=\"page_item page-item-1094\"><a href=\"https:\/\/selectionetconseils.swiss\/de\/\">S\u00e9lection &amp; Conseils<\/a><\/li>\n<li class=\"page_item page-item-1478\"><a href=\"https:\/\/selectionetconseils.swiss\/de\/vorbereitung_psychometrische_tests\/\">Vorbereitung auf Auswahlverfahren und Tests (nur auf Franz\u00f6sisch)<\/a><\/li>\n<\/ul>\n<\/div><\/li>\n<\/ul>\n\t\t\t\t\t\t\t\t<\/div>\n\t\t\t\t<\/div>\n\t\t\t\t\t<\/div>\n\t\t<\/div>\n\t\t\t\t\t<\/div>\n\t\t<\/section>\n\t\t\t\t\t<\/div>\n\t\t<\/div>\n\t\t\t\t\t<\/div>\n\t\t<\/section>\n\t\t\t\t<\/div>\n\t\t","protected":false},"excerpt":{"rendered":"<p>Seitenverzeichnis<\/p>\n","protected":false},"author":5,"featured_media":0,"parent":0,"menu_order":0,"comment_status":"closed","ping_status":"closed","template":"elementor_header_footer","meta":{"footnotes":""},"class_list":["post-2185","page","type-page","status-publish","hentry"],"yoast_head":"<!-- This site is optimized with the Yoast SEO plugin v27.4 - https:\/\/yoast.com\/product\/yoast-seo-wordpress\/ -->\n<title>Seitenverzeichnis - Selection &amp; Conseils<\/title>\n<meta name=\"robots\" content=\"index, follow, max-snippet:-1, max-image-preview:large, max-video-preview:-1\" \/>\n<link rel=\"canonical\" href=\"https:\/\/selectionetconseils.swiss\/de\/seitenverzeichnis\/\" \/>\n<meta property=\"og:locale\" content=\"de_DE\" \/>\n<meta property=\"og:type\" content=\"article\" \/>\n<meta property=\"og:title\" content=\"Seitenverzeichnis - Selection &amp; Conseils\" \/>\n<meta property=\"og:description\" content=\"Seitenverzeichnis\" \/>\n<meta property=\"og:url\" content=\"https:\/\/selectionetconseils.swiss\/de\/seitenverzeichnis\/\" \/>\n<meta property=\"og:site_name\" content=\"Selection &amp; Conseils\" \/>\n<meta property=\"article:modified_time\" content=\"2021-07-04T15:09:24+00:00\" \/>\n<meta name=\"twitter:card\" content=\"summary_large_image\" \/>\n<script type=\"application\/ld+json\" class=\"yoast-schema-graph\">{\"@context\":\"https:\\\/\\\/schema.org\",\"@graph\":[{\"@type\":\"WebPage\",\"@id\":\"https:\\\/\\\/selectionetconseils.swiss\\\/de\\\/seitenverzeichnis\\\/\",\"url\":\"https:\\\/\\\/selectionetconseils.swiss\\\/de\\\/seitenverzeichnis\\\/\",\"name\":\"Seitenverzeichnis - Selection &amp; Conseils\",\"isPartOf\":{\"@id\":\"https:\\\/\\\/selectionetconseils.swiss\\\/de\\\/#website\"},\"datePublished\":\"2021-07-04T15:09:22+00:00\",\"dateModified\":\"2021-07-04T15:09:24+00:00\",\"breadcrumb\":{\"@id\":\"https:\\\/\\\/selectionetconseils.swiss\\\/de\\\/seitenverzeichnis\\\/#breadcrumb\"},\"inLanguage\":\"de\",\"potentialAction\":[{\"@type\":\"ReadAction\",\"target\":[\"https:\\\/\\\/selectionetconseils.swiss\\\/de\\\/seitenverzeichnis\\\/\"]}]},{\"@type\":\"BreadcrumbList\",\"@id\":\"https:\\\/\\\/selectionetconseils.swiss\\\/de\\\/seitenverzeichnis\\\/#breadcrumb\",\"itemListElement\":[{\"@type\":\"ListItem\",\"position\":1,\"name\":\"Accueil\",\"item\":\"https:\\\/\\\/selectionetconseils.swiss\\\/de\\\/\"},{\"@type\":\"ListItem\",\"position\":2,\"name\":\"Seitenverzeichnis\"}]},{\"@type\":\"WebSite\",\"@id\":\"https:\\\/\\\/selectionetconseils.swiss\\\/de\\\/#website\",\"url\":\"https:\\\/\\\/selectionetconseils.swiss\\\/de\\\/\",\"name\":\"Selection &amp; Conseils\",\"description\":\"Ihr Partner bei der Bewertung von Berufsprofilen\",\"publisher\":{\"@id\":\"https:\\\/\\\/selectionetconseils.swiss\\\/de\\\/#organization\"},\"potentialAction\":[{\"@type\":\"SearchAction\",\"target\":{\"@type\":\"EntryPoint\",\"urlTemplate\":\"https:\\\/\\\/selectionetconseils.swiss\\\/de\\\/?s={search_term_string}\"},\"query-input\":{\"@type\":\"PropertyValueSpecification\",\"valueRequired\":true,\"valueName\":\"search_term_string\"}}],\"inLanguage\":\"de\"},{\"@type\":\"Organization\",\"@id\":\"https:\\\/\\\/selectionetconseils.swiss\\\/de\\\/#organization\",\"name\":\"Selection &amp; Conseils\",\"url\":\"https:\\\/\\\/selectionetconseils.swiss\\\/de\\\/\",\"logo\":{\"@type\":\"ImageObject\",\"inLanguage\":\"de\",\"@id\":\"https:\\\/\\\/selectionetconseils.swiss\\\/de\\\/#\\\/schema\\\/logo\\\/image\\\/\",\"url\":\"https:\\\/\\\/selectionetconseils.swiss\\\/wp-content\\\/uploads\\\/2023\\\/10\\\/SelectionEtConseil.png\",\"contentUrl\":\"https:\\\/\\\/selectionetconseils.swiss\\\/wp-content\\\/uploads\\\/2023\\\/10\\\/SelectionEtConseil.png\",\"width\":500,\"height\":77,\"caption\":\"Selection &amp; Conseils\"},\"image\":{\"@id\":\"https:\\\/\\\/selectionetconseils.swiss\\\/de\\\/#\\\/schema\\\/logo\\\/image\\\/\"}}]}<\/script>\n<!-- \/ Yoast SEO plugin. -->","yoast_head_json":{"title":"Seitenverzeichnis - Selection &amp; Conseils","robots":{"index":"index","follow":"follow","max-snippet":"max-snippet:-1","max-image-preview":"max-image-preview:large","max-video-preview":"max-video-preview:-1"},"canonical":"https:\/\/selectionetconseils.swiss\/de\/seitenverzeichnis\/","og_locale":"de_DE","og_type":"article","og_title":"Seitenverzeichnis - Selection &amp; Conseils","og_description":"Seitenverzeichnis","og_url":"https:\/\/selectionetconseils.swiss\/de\/seitenverzeichnis\/","og_site_name":"Selection &amp; Conseils","article_modified_time":"2021-07-04T15:09:24+00:00","twitter_card":"summary_large_image","schema":{"@context":"https:\/\/schema.org","@graph":[{"@type":"WebPage","@id":"https:\/\/selectionetconseils.swiss\/de\/seitenverzeichnis\/","url":"https:\/\/selectionetconseils.swiss\/de\/seitenverzeichnis\/","name":"Seitenverzeichnis - Selection &amp; Conseils","isPartOf":{"@id":"https:\/\/selectionetconseils.swiss\/de\/#website"},"datePublished":"2021-07-04T15:09:22+00:00","dateModified":"2021-07-04T15:09:24+00:00","breadcrumb":{"@id":"https:\/\/selectionetconseils.swiss\/de\/seitenverzeichnis\/#breadcrumb"},"inLanguage":"de","potentialAction":[{"@type":"ReadAction","target":["https:\/\/selectionetconseils.swiss\/de\/seitenverzeichnis\/"]}]},{"@type":"BreadcrumbList","@id":"https:\/\/selectionetconseils.swiss\/de\/seitenverzeichnis\/#breadcrumb","itemListElement":[{"@type":"ListItem","position":1,"name":"Accueil","item":"https:\/\/selectionetconseils.swiss\/de\/"},{"@type":"ListItem","position":2,"name":"Seitenverzeichnis"}]},{"@type":"WebSite","@id":"https:\/\/selectionetconseils.swiss\/de\/#website","url":"https:\/\/selectionetconseils.swiss\/de\/","name":"Selection &amp; Conseils","description":"Ihr Partner bei der Bewertung von Berufsprofilen","publisher":{"@id":"https:\/\/selectionetconseils.swiss\/de\/#organization"},"potentialAction":[{"@type":"SearchAction","target":{"@type":"EntryPoint","urlTemplate":"https:\/\/selectionetconseils.swiss\/de\/?s={search_term_string}"},"query-input":{"@type":"PropertyValueSpecification","valueRequired":true,"valueName":"search_term_string"}}],"inLanguage":"de"},{"@type":"Organization","@id":"https:\/\/selectionetconseils.swiss\/de\/#organization","name":"Selection &amp; Conseils","url":"https:\/\/selectionetconseils.swiss\/de\/","logo":{"@type":"ImageObject","inLanguage":"de","@id":"https:\/\/selectionetconseils.swiss\/de\/#\/schema\/logo\/image\/","url":"https:\/\/selectionetconseils.swiss\/wp-content\/uploads\/2023\/10\/SelectionEtConseil.png","contentUrl":"https:\/\/selectionetconseils.swiss\/wp-content\/uploads\/2023\/10\/SelectionEtConseil.png","width":500,"height":77,"caption":"Selection &amp; Conseils"},"image":{"@id":"https:\/\/selectionetconseils.swiss\/de\/#\/schema\/logo\/image\/"}}]}},"_links":{"self":[{"href":"https:\/\/selectionetconseils.swiss\/de\/wp-json\/wp\/v2\/pages\/2185","targetHints":{"allow":["GET"]}}],"collection":[{"href":"https:\/\/selectionetconseils.swiss\/de\/wp-json\/wp\/v2\/pages"}],"about":[{"href":"https:\/\/selectionetconseils.swiss\/de\/wp-json\/wp\/v2\/types\/page"}],"author":[{"embeddable":true,"href":"https:\/\/selectionetconseils.swiss\/de\/wp-json\/wp\/v2\/users\/5"}],"replies":[{"embeddable":true,"href":"https:\/\/selectionetconseils.swiss\/de\/wp-json\/wp\/v2\/comments?post=2185"}],"version-history":[{"count":1,"href":"https:\/\/selectionetconseils.swiss\/de\/wp-json\/wp\/v2\/pages\/2185\/revisions"}],"predecessor-version":[{"id":2186,"href":"https:\/\/selectionetconseils.swiss\/de\/wp-json\/wp\/v2\/pages\/2185\/revisions\/2186"}],"wp:attachment":[{"href":"https:\/\/selectionetconseils.swiss\/de\/wp-json\/wp\/v2\/media?parent=2185"}],"curies":[{"name":"wp","href":"https:\/\/api.w.org\/{rel}","templated":true}]}}